{"id":2044,"date":"2017-03-14T10:14:18","date_gmt":"2017-03-14T10:14:18","guid":{"rendered":"http:\/\/b813049.web06.cust.bluerange.se\/en\/environmental-work\/var-miljopolicy\/"},"modified":"2024-04-16T15:43:46","modified_gmt":"2024-04-16T15:43:46","slug":"environmentalpolicy","status":"publish","type":"page","link":"https:\/\/hotelkungstradgarden.se\/en\/environmental-work\/environmentalpolicy\/","title":{"rendered":"V\u00e5r milj\u00f6policy"},"content":{"rendered":"<p><strong>Inf\u00f6r framtiden \u00e4r det viktigt att f\u00f6retag tar ansvar, b\u00e5de milj\u00f6m\u00e4ssigt och p\u00e5 samh\u00e4llsniv\u00e5. Hotel Kungstr\u00e4dg\u00e5rdens vision \u00e4r att vara ett h\u00e5llbart hotell som ligger i framkant inom milj\u00f6arbetet i Stockholms hotellbransch. Vi arbetar proaktivt och har skapat en f\u00f6retagsstrategi som ger ett gemensamt v\u00e4rde f\u00f6r verksamheten, samh\u00e4llet och milj\u00f6n.<\/strong><strong>\u00a0<\/strong><\/p>\n<p><strong>Hotel Kungstr\u00e4dg\u00e5rden arbetar kontinuerligt f\u00f6r att:<\/strong><\/p>\n<ul>\n<li>Milj\u00f6arbetet integreras i aff\u00e4rsplanen och aspekter r\u00f6rande h\u00e5llbar utveckling och milj\u00f6 ska st\u00e4ndigt v\u00e4gas in i alla beslut som tas, oavsett omr\u00e5de och niv\u00e5.<\/li>\n<\/ul>\n<ul>\n<li>\u00d6ka medvetenheten hos v\u00e5ra medarbetare och intressenter f\u00f6r att tillsammans driva en h\u00e5llbar hotellverksamhet. V\u00e5ra anst\u00e4llda ska k\u00e4nna stolthet, kunskap, engagemang och delaktighet i milj\u00f6fr\u00e5gorna. Vi st\u00e4ller h\u00f6ga krav p\u00e5 v\u00e5ra leverant\u00f6rer och arbetar i st\u00f6rsta m\u00e5n med de som \u00e4r milj\u00f6certifierade.<\/li>\n<\/ul>\n<ul>\n<li>Utan undantag f\u00f6lja lagar, f\u00f6rordningar och minimikrav som st\u00e4lls p\u00e5 verksamhetens alla delar. Vi arbetar f\u00f6rebyggande och proaktivt och ligger steget f\u00f6re lagstiftningen.<\/li>\n<\/ul>\n<ul>\n<li>Se \u00f6ver \u00e5tg\u00e4rder som verksamheten direkt eller indirekt orsakar, samt minska energi-, vatten-, avfall och naturresursanv\u00e4ndningen. Vi f\u00f6ljer upp hotellets faktiska milj\u00f6p\u00e5verkan, s\u00e5 som energif\u00f6rbrukning, vattenf\u00f6rbrukning och avfall.<\/li>\n<\/ul>\n<ul>\n<li>Minska br\u00e4nnbart avfall och deponi. V\u00e5rt avfall sorteras i fraktioner och vi arbetar st\u00e4ndigt f\u00f6r att \u00e5tervinna s\u00e5 mycket som m\u00f6jligt. V\u00e5rt matavfall mals ner i en matkvarn och omvandlas d\u00e4refter till biogas f\u00f6r Stockholms stads kollektivtrafik.<\/li>\n<\/ul>\n<ul>\n<li>I st\u00f6rsta m\u00f6jliga m\u00e5n anv\u00e4nda oss av milj\u00f6m\u00e4rkta produkter.<\/li>\n<\/ul>\n","protected":false},"excerpt":{"rendered":"<p>Inf\u00f6r framtiden \u00e4r det viktigt att f\u00f6retag tar ansvar, b\u00e5de milj\u00f6m\u00e4ssigt och p\u00e5 samh\u00e4llsniv\u00e5. Hotel Kungstr\u00e4dg\u00e5rdens vision \u00e4r att vara ett h\u00e5llbart hotell som ligger i framkant inom milj\u00f6arbetet i Stockholms hotellbransch. Vi arbetar proaktivt och har skapat en f\u00f6retagsstrategi som ger ett gemensamt v\u00e4rde f\u00f6r verksamheten, samh\u00e4llet och milj\u00f6n.\u00a0 Hotel Kungstr\u00e4dg\u00e5rden arbetar kontinuerligt f\u00f6r [&hellip;]<\/p>\n","protected":false},"author":15,"featured_media":0,"parent":502,"menu_order":0,"comment_status":"closed","ping_status":"closed","template":"","meta":{"_acf_changed":false,"footnotes":""},"class_list":["post-2044","page","type-page","status-publish","hentry"],"acf":[],"yoast_head":"<!-- This site is optimized with the Yoast SEO plugin v27.3 - https:\/\/yoast.com\/product\/yoast-seo-wordpress\/ -->\n<title>V\u00e5r milj\u00f6policy - Hotel Kungstr\u00e4dg\u00e5rden<\/title>\n<meta name=\"robots\" content=\"index, follow, max-snippet:-1, max-image-preview:large, max-video-preview:-1\" \/>\n<link rel=\"canonical\" href=\"https:\/\/hotelkungstradgarden.se\/en\/environmental-work\/environmentalpolicy\/\" \/>\n<meta property=\"og:locale\" content=\"en_US\" \/>\n<meta property=\"og:type\" content=\"article\" \/>\n<meta property=\"og:title\" content=\"V\u00e5r milj\u00f6policy - Hotel Kungstr\u00e4dg\u00e5rden\" \/>\n<meta property=\"og:description\" content=\"Inf\u00f6r framtiden \u00e4r det viktigt att f\u00f6retag tar ansvar, b\u00e5de milj\u00f6m\u00e4ssigt och p\u00e5 samh\u00e4llsniv\u00e5. Hotel Kungstr\u00e4dg\u00e5rdens vision \u00e4r att vara ett h\u00e5llbart hotell som ligger i framkant inom milj\u00f6arbetet i Stockholms hotellbransch. Vi arbetar proaktivt och har skapat en f\u00f6retagsstrategi som ger ett gemensamt v\u00e4rde f\u00f6r verksamheten, samh\u00e4llet och milj\u00f6n.\u00a0 Hotel Kungstr\u00e4dg\u00e5rden arbetar kontinuerligt f\u00f6r [&hellip;]\" \/>\n<meta property=\"og:url\" content=\"https:\/\/hotelkungstradgarden.se\/en\/environmental-work\/environmentalpolicy\/\" \/>\n<meta property=\"og:site_name\" content=\"Hotel Kungstr\u00e4dg\u00e5rden\" \/>\n<meta property=\"article:publisher\" content=\"https:\/\/www.facebook.com\/hotelkungstradgarden\" \/>\n<meta property=\"article:modified_time\" content=\"2024-04-16T15:43:46+00:00\" \/>\n<meta property=\"og:image\" content=\"https:\/\/hotelkungstradgarden.se\/wp-content\/uploads\/2016\/02\/kristallkrona_lounge_ok.gif\" \/>\n\t<meta property=\"og:image:width\" content=\"909\" \/>\n\t<meta property=\"og:image:height\" content=\"1299\" \/>\n\t<meta property=\"og:image:type\" content=\"image\/gif\" \/>\n<meta name=\"twitter:card\" content=\"summary_large_image\" \/>\n<meta name=\"twitter:label1\" content=\"Est. reading time\" \/>\n\t<meta name=\"twitter:data1\" content=\"2 minutes\" \/>\n<script type=\"application\/ld+json\" class=\"yoast-schema-graph\">{\"@context\":\"https:\\\/\\\/schema.org\",\"@graph\":[{\"@type\":\"WebPage\",\"@id\":\"https:\\\/\\\/hotelkungstradgarden.se\\\/en\\\/environmental-work\\\/environmentalpolicy\\\/\",\"url\":\"https:\\\/\\\/hotelkungstradgarden.se\\\/en\\\/environmental-work\\\/environmentalpolicy\\\/\",\"name\":\"V\u00e5r milj\u00f6policy - Hotel Kungstr\u00e4dg\u00e5rden\",\"isPartOf\":{\"@id\":\"https:\\\/\\\/hotelkungstradgarden.se\\\/#website\"},\"datePublished\":\"2017-03-14T10:14:18+00:00\",\"dateModified\":\"2024-04-16T15:43:46+00:00\",\"breadcrumb\":{\"@id\":\"https:\\\/\\\/hotelkungstradgarden.se\\\/en\\\/environmental-work\\\/environmentalpolicy\\\/#breadcrumb\"},\"inLanguage\":\"en-US\",\"potentialAction\":[{\"@type\":\"ReadAction\",\"target\":[\"https:\\\/\\\/hotelkungstradgarden.se\\\/en\\\/environmental-work\\\/environmentalpolicy\\\/\"]}]},{\"@type\":\"BreadcrumbList\",\"@id\":\"https:\\\/\\\/hotelkungstradgarden.se\\\/en\\\/environmental-work\\\/environmentalpolicy\\\/#breadcrumb\",\"itemListElement\":[{\"@type\":\"ListItem\",\"position\":1,\"name\":\"Home\",\"item\":\"https:\\\/\\\/hotelkungstradgarden.se\\\/en\\\/\"},{\"@type\":\"ListItem\",\"position\":2,\"name\":\"Environmental policy\",\"item\":\"https:\\\/\\\/hotelkungstradgarden.se\\\/en\\\/environmental-work\\\/\"},{\"@type\":\"ListItem\",\"position\":3,\"name\":\"V\u00e5r milj\u00f6policy\"}]},{\"@type\":\"WebSite\",\"@id\":\"https:\\\/\\\/hotelkungstradgarden.se\\\/#website\",\"url\":\"https:\\\/\\\/hotelkungstradgarden.se\\\/\",\"name\":\"Hotel Kungstr\u00e4dg\u00e5rden\",\"description\":\"The King&#039;s Garden\",\"potentialAction\":[{\"@type\":\"SearchAction\",\"target\":{\"@type\":\"EntryPoint\",\"urlTemplate\":\"https:\\\/\\\/hotelkungstradgarden.se\\\/?s={search_term_string}\"},\"query-input\":{\"@type\":\"PropertyValueSpecification\",\"valueRequired\":true,\"valueName\":\"search_term_string\"}}],\"inLanguage\":\"en-US\"}]}<\/script>\n<!-- \/ Yoast SEO plugin. -->","yoast_head_json":{"title":"V\u00e5r milj\u00f6policy - Hotel Kungstr\u00e4dg\u00e5rden","robots":{"index":"index","follow":"follow","max-snippet":"max-snippet:-1","max-image-preview":"max-image-preview:large","max-video-preview":"max-video-preview:-1"},"canonical":"https:\/\/hotelkungstradgarden.se\/en\/environmental-work\/environmentalpolicy\/","og_locale":"en_US","og_type":"article","og_title":"V\u00e5r milj\u00f6policy - Hotel Kungstr\u00e4dg\u00e5rden","og_description":"Inf\u00f6r framtiden \u00e4r det viktigt att f\u00f6retag tar ansvar, b\u00e5de milj\u00f6m\u00e4ssigt och p\u00e5 samh\u00e4llsniv\u00e5. Hotel Kungstr\u00e4dg\u00e5rdens vision \u00e4r att vara ett h\u00e5llbart hotell som ligger i framkant inom milj\u00f6arbetet i Stockholms hotellbransch. Vi arbetar proaktivt och har skapat en f\u00f6retagsstrategi som ger ett gemensamt v\u00e4rde f\u00f6r verksamheten, samh\u00e4llet och milj\u00f6n.\u00a0 Hotel Kungstr\u00e4dg\u00e5rden arbetar kontinuerligt f\u00f6r [&hellip;]","og_url":"https:\/\/hotelkungstradgarden.se\/en\/environmental-work\/environmentalpolicy\/","og_site_name":"Hotel Kungstr\u00e4dg\u00e5rden","article_publisher":"https:\/\/www.facebook.com\/hotelkungstradgarden","article_modified_time":"2024-04-16T15:43:46+00:00","og_image":[{"width":909,"height":1299,"url":"https:\/\/hotelkungstradgarden.se\/wp-content\/uploads\/2016\/02\/kristallkrona_lounge_ok.gif","type":"image\/gif"}],"twitter_card":"summary_large_image","twitter_misc":{"Est. reading time":"2 minutes"},"schema":{"@context":"https:\/\/schema.org","@graph":[{"@type":"WebPage","@id":"https:\/\/hotelkungstradgarden.se\/en\/environmental-work\/environmentalpolicy\/","url":"https:\/\/hotelkungstradgarden.se\/en\/environmental-work\/environmentalpolicy\/","name":"V\u00e5r milj\u00f6policy - Hotel Kungstr\u00e4dg\u00e5rden","isPartOf":{"@id":"https:\/\/hotelkungstradgarden.se\/#website"},"datePublished":"2017-03-14T10:14:18+00:00","dateModified":"2024-04-16T15:43:46+00:00","breadcrumb":{"@id":"https:\/\/hotelkungstradgarden.se\/en\/environmental-work\/environmentalpolicy\/#breadcrumb"},"inLanguage":"en-US","potentialAction":[{"@type":"ReadAction","target":["https:\/\/hotelkungstradgarden.se\/en\/environmental-work\/environmentalpolicy\/"]}]},{"@type":"BreadcrumbList","@id":"https:\/\/hotelkungstradgarden.se\/en\/environmental-work\/environmentalpolicy\/#breadcrumb","itemListElement":[{"@type":"ListItem","position":1,"name":"Home","item":"https:\/\/hotelkungstradgarden.se\/en\/"},{"@type":"ListItem","position":2,"name":"Environmental policy","item":"https:\/\/hotelkungstradgarden.se\/en\/environmental-work\/"},{"@type":"ListItem","position":3,"name":"V\u00e5r milj\u00f6policy"}]},{"@type":"WebSite","@id":"https:\/\/hotelkungstradgarden.se\/#website","url":"https:\/\/hotelkungstradgarden.se\/","name":"Hotel Kungstr\u00e4dg\u00e5rden","description":"The King&#039;s Garden","potentialAction":[{"@type":"SearchAction","target":{"@type":"EntryPoint","urlTemplate":"https:\/\/hotelkungstradgarden.se\/?s={search_term_string}"},"query-input":{"@type":"PropertyValueSpecification","valueRequired":true,"valueName":"search_term_string"}}],"inLanguage":"en-US"}]}},"_links":{"self":[{"href":"https:\/\/hotelkungstradgarden.se\/en\/wp-json\/wp\/v2\/pages\/2044","targetHints":{"allow":["GET"]}}],"collection":[{"href":"https:\/\/hotelkungstradgarden.se\/en\/wp-json\/wp\/v2\/pages"}],"about":[{"href":"https:\/\/hotelkungstradgarden.se\/en\/wp-json\/wp\/v2\/types\/page"}],"author":[{"embeddable":true,"href":"https:\/\/hotelkungstradgarden.se\/en\/wp-json\/wp\/v2\/users\/15"}],"replies":[{"embeddable":true,"href":"https:\/\/hotelkungstradgarden.se\/en\/wp-json\/wp\/v2\/comments?post=2044"}],"version-history":[{"count":7,"href":"https:\/\/hotelkungstradgarden.se\/en\/wp-json\/wp\/v2\/pages\/2044\/revisions"}],"predecessor-version":[{"id":6702,"href":"https:\/\/hotelkungstradgarden.se\/en\/wp-json\/wp\/v2\/pages\/2044\/revisions\/6702"}],"up":[{"embeddable":true,"href":"https:\/\/hotelkungstradgarden.se\/en\/wp-json\/wp\/v2\/pages\/502"}],"wp:attachment":[{"href":"https:\/\/hotelkungstradgarden.se\/en\/wp-json\/wp\/v2\/media?parent=2044"}],"curies":[{"name":"wp","href":"https:\/\/api.w.org\/{rel}","templated":true}]}}